{"id":13,"date":"2025-08-27T11:37:39","date_gmt":"2025-08-27T11:37:39","guid":{"rendered":"https:\/\/mantenimientohermanosramirez.rkinformatika.online\/?page_id=13"},"modified":"2025-11-04T14:57:02","modified_gmt":"2025-11-04T14:57:02","slug":"servicios","status":"publish","type":"page","link":"https:\/\/mantenimientohermanosramirez.com\/en\/servicios\/","title":{"rendered":"Services"},"content":{"rendered":"<div data-elementor-type=\"wp-page\" data-elementor-id=\"13\" class=\"elementor elementor-13\" data-elementor-post-type=\"page\">\n\t\t\t\t<div class=\"elementor-element elementor-element-b4e88b6 e-con-full e-flex e-con e-parent\" data-id=\"b4e88b6\" data-element_type=\"container\" data-e-type=\"container\" data-settings=\"{&quot;background_background&quot;:&quot;classic&quot;}\">\n\t\t\t\t<\/div>\n\t\t<div class=\"elementor-element elementor-element-7f3332e e-flex e-con-boxed e-con e-parent\" data-id=\"7f3332e\" data-element_type=\"container\" data-e-type=\"container\">\n\t\t\t\t\t<div class=\"e-con-inner\">\n\t\t\t\t<div class=\"elementor-element elementor-element-f2cd465 elementor-position-right elementor-vertical-align-middle elementor-vertical-align-top elementor-widget elementor-widget-image-box\" data-id=\"f2cd465\" data-element_type=\"widget\" data-e-type=\"widget\" data-widget_type=\"image-box.default\">\n\t\t\t\t\t<div class=\"elementor-image-box-wrapper\"><figure class=\"elementor-image-box-img\"><img fetchpriority=\"high\" decoding=\"async\" width=\"2560\" height=\"1696\" src=\"https:\/\/mantenimientohermanosramirez.com\/wp-content\/uploads\/2025\/08\/metal-stairs-white-building-wall-scaled.jpg\" class=\"attachment-full size-full wp-image-255\" alt=\"\" srcset=\"https:\/\/mantenimientohermanosramirez.com\/wp-content\/uploads\/2025\/08\/metal-stairs-white-building-wall-scaled.jpg 2560w, https:\/\/mantenimientohermanosramirez.com\/wp-content\/uploads\/2025\/08\/metal-stairs-white-building-wall-300x199.jpg 300w, https:\/\/mantenimientohermanosramirez.com\/wp-content\/uploads\/2025\/08\/metal-stairs-white-building-wall-1024x678.jpg 1024w, https:\/\/mantenimientohermanosramirez.com\/wp-content\/uploads\/2025\/08\/metal-stairs-white-building-wall-768x509.jpg 768w, https:\/\/mantenimientohermanosramirez.com\/wp-content\/uploads\/2025\/08\/metal-stairs-white-building-wall-1536x1017.jpg 1536w, https:\/\/mantenimientohermanosramirez.com\/wp-content\/uploads\/2025\/08\/metal-stairs-white-building-wall-2048x1356.jpg 2048w, https:\/\/mantenimientohermanosramirez.com\/wp-content\/uploads\/2025\/08\/metal-stairs-white-building-wall-18x12.jpg 18w\" sizes=\"(max-width: 2560px) 100vw, 2560px\" \/><\/figure><div class=\"elementor-image-box-content\"><h2 class=\"elementor-image-box-title\">Fabricaci\u00f3n de todo tipo de puertas<\/h2><p class=\"elementor-image-box-description\">Dise\u00f1adas a medida para garantizar resistencia, seguridad y est\u00e9tica.\n<br> \n- Rejas y barandillas en hierro y acero inoxidable<\/p><\/div><\/div>\t\t\t\t<\/div>\n\t\t\t\t<div class=\"elementor-element elementor-element-d89f634 elementor-position-right elementor-vertical-align-middle elementor-vertical-align-top elementor-widget elementor-widget-image-box\" data-id=\"d89f634\" data-element_type=\"widget\" data-e-type=\"widget\" data-widget_type=\"image-box.default\">\n\t\t\t\t\t<div class=\"elementor-image-box-wrapper\"><figure class=\"elementor-image-box-img\"><img decoding=\"async\" width=\"2560\" height=\"1707\" src=\"https:\/\/mantenimientohermanosramirez.com\/wp-content\/uploads\/2025\/08\/couple-workers-fixing-climbing-scaffolding-while-following-all-safety-measures-scaled.jpg\" class=\"attachment-full size-full wp-image-259\" alt=\"\" srcset=\"https:\/\/mantenimientohermanosramirez.com\/wp-content\/uploads\/2025\/08\/couple-workers-fixing-climbing-scaffolding-while-following-all-safety-measures-scaled.jpg 2560w, https:\/\/mantenimientohermanosramirez.com\/wp-content\/uploads\/2025\/08\/couple-workers-fixing-climbing-scaffolding-while-following-all-safety-measures-300x200.jpg 300w, https:\/\/mantenimientohermanosramirez.com\/wp-content\/uploads\/2025\/08\/couple-workers-fixing-climbing-scaffolding-while-following-all-safety-measures-1024x683.jpg 1024w, https:\/\/mantenimientohermanosramirez.com\/wp-content\/uploads\/2025\/08\/couple-workers-fixing-climbing-scaffolding-while-following-all-safety-measures-768x512.jpg 768w, https:\/\/mantenimientohermanosramirez.com\/wp-content\/uploads\/2025\/08\/couple-workers-fixing-climbing-scaffolding-while-following-all-safety-measures-1536x1024.jpg 1536w, https:\/\/mantenimientohermanosramirez.com\/wp-content\/uploads\/2025\/08\/couple-workers-fixing-climbing-scaffolding-while-following-all-safety-measures-2048x1365.jpg 2048w, https:\/\/mantenimientohermanosramirez.com\/wp-content\/uploads\/2025\/08\/couple-workers-fixing-climbing-scaffolding-while-following-all-safety-measures-18x12.jpg 18w\" sizes=\"(max-width: 2560px) 100vw, 2560px\" \/><\/figure><div class=\"elementor-image-box-content\"><h2 class=\"elementor-image-box-title\">Mantenimiento de comunidades<\/h2><p class=\"elementor-image-box-description\">Servicios preventivos y correctivos para garantizar el correcto funcionamiento de instalaciones.<\/p><\/div><\/div>\t\t\t\t<\/div>\n\t\t\t\t<div class=\"elementor-element elementor-element-04888a2 elementor-position-right elementor-vertical-align-middle elementor-vertical-align-top elementor-widget elementor-widget-image-box\" data-id=\"04888a2\" data-element_type=\"widget\" data-e-type=\"widget\" data-widget_type=\"image-box.default\">\n\t\t\t\t\t<div class=\"elementor-image-box-wrapper\"><figure class=\"elementor-image-box-img\"><img decoding=\"async\" width=\"2560\" height=\"1707\" src=\"https:\/\/mantenimientohermanosramirez.com\/wp-content\/uploads\/2025\/08\/kind-dark-skinned-man-standing-close-door-while-trying-enter-building-scaled.jpg\" class=\"attachment-full size-full wp-image-263\" alt=\"\" srcset=\"https:\/\/mantenimientohermanosramirez.com\/wp-content\/uploads\/2025\/08\/kind-dark-skinned-man-standing-close-door-while-trying-enter-building-scaled.jpg 2560w, https:\/\/mantenimientohermanosramirez.com\/wp-content\/uploads\/2025\/08\/kind-dark-skinned-man-standing-close-door-while-trying-enter-building-300x200.jpg 300w, https:\/\/mantenimientohermanosramirez.com\/wp-content\/uploads\/2025\/08\/kind-dark-skinned-man-standing-close-door-while-trying-enter-building-1024x683.jpg 1024w, https:\/\/mantenimientohermanosramirez.com\/wp-content\/uploads\/2025\/08\/kind-dark-skinned-man-standing-close-door-while-trying-enter-building-768x512.jpg 768w, https:\/\/mantenimientohermanosramirez.com\/wp-content\/uploads\/2025\/08\/kind-dark-skinned-man-standing-close-door-while-trying-enter-building-1536x1024.jpg 1536w, https:\/\/mantenimientohermanosramirez.com\/wp-content\/uploads\/2025\/08\/kind-dark-skinned-man-standing-close-door-while-trying-enter-building-2048x1365.jpg 2048w, https:\/\/mantenimientohermanosramirez.com\/wp-content\/uploads\/2025\/08\/kind-dark-skinned-man-standing-close-door-while-trying-enter-building-18x12.jpg 18w\" sizes=\"(max-width: 2560px) 100vw, 2560px\" \/><\/figure><div class=\"elementor-image-box-content\"><h2 class=\"elementor-image-box-title\">Motorizaci\u00f3n de todo tipo de puertas<\/h2><p class=\"elementor-image-box-description\">Modernizamos y automatizamos puertas para mayor comodidad y eficiencia.<\/p><\/div><\/div>\t\t\t\t<\/div>\n\t\t\t\t<div class=\"elementor-element elementor-element-86f979b elementor-position-right elementor-vertical-align-middle elementor-vertical-align-top elementor-widget elementor-widget-image-box\" data-id=\"86f979b\" data-element_type=\"widget\" data-e-type=\"widget\" data-widget_type=\"image-box.default\">\n\t\t\t\t\t<div class=\"elementor-image-box-wrapper\"><figure class=\"elementor-image-box-img\"><img loading=\"lazy\" decoding=\"async\" width=\"2560\" height=\"1707\" src=\"https:\/\/mantenimientohermanosramirez.com\/wp-content\/uploads\/2025\/08\/exterior-house-against-clear-blue-sky-scaled.jpg\" class=\"attachment-full size-full wp-image-271\" alt=\"\" srcset=\"https:\/\/mantenimientohermanosramirez.com\/wp-content\/uploads\/2025\/08\/exterior-house-against-clear-blue-sky-scaled.jpg 2560w, https:\/\/mantenimientohermanosramirez.com\/wp-content\/uploads\/2025\/08\/exterior-house-against-clear-blue-sky-300x200.jpg 300w, https:\/\/mantenimientohermanosramirez.com\/wp-content\/uploads\/2025\/08\/exterior-house-against-clear-blue-sky-1024x683.jpg 1024w, https:\/\/mantenimientohermanosramirez.com\/wp-content\/uploads\/2025\/08\/exterior-house-against-clear-blue-sky-768x512.jpg 768w, https:\/\/mantenimientohermanosramirez.com\/wp-content\/uploads\/2025\/08\/exterior-house-against-clear-blue-sky-1536x1024.jpg 1536w, https:\/\/mantenimientohermanosramirez.com\/wp-content\/uploads\/2025\/08\/exterior-house-against-clear-blue-sky-2048x1365.jpg 2048w, https:\/\/mantenimientohermanosramirez.com\/wp-content\/uploads\/2025\/08\/exterior-house-against-clear-blue-sky-18x12.jpg 18w\" sizes=\"(max-width: 2560px) 100vw, 2560px\" \/><\/figure><div class=\"elementor-image-box-content\"><h2 class=\"elementor-image-box-title\">Seccionales de garaje<\/h2><p class=\"elementor-image-box-description\">Soluciones adaptadas a espacios residenciales, comerciales e industriales.<\/p><\/div><\/div>\t\t\t\t<\/div>\n\t\t\t\t<div class=\"elementor-element elementor-element-24d80dc elementor-position-right elementor-vertical-align-middle elementor-vertical-align-top elementor-widget elementor-widget-image-box\" data-id=\"24d80dc\" data-element_type=\"widget\" data-e-type=\"widget\" data-widget_type=\"image-box.default\">\n\t\t\t\t\t<div class=\"elementor-image-box-wrapper\"><figure class=\"elementor-image-box-img\"><img loading=\"lazy\" decoding=\"async\" width=\"2560\" height=\"1440\" src=\"https:\/\/mantenimientohermanosramirez.com\/wp-content\/uploads\/2025\/08\/professional-craftsman-jumpsuit-checks-modern-entrance-door-outer-lock-twisting-lever-pressing-golden-knob-light-hallway-closeup-scaled.jpg\" class=\"attachment-full size-full wp-image-267\" alt=\"\" srcset=\"https:\/\/mantenimientohermanosramirez.com\/wp-content\/uploads\/2025\/08\/professional-craftsman-jumpsuit-checks-modern-entrance-door-outer-lock-twisting-lever-pressing-golden-knob-light-hallway-closeup-scaled.jpg 2560w, https:\/\/mantenimientohermanosramirez.com\/wp-content\/uploads\/2025\/08\/professional-craftsman-jumpsuit-checks-modern-entrance-door-outer-lock-twisting-lever-pressing-golden-knob-light-hallway-closeup-300x169.jpg 300w, https:\/\/mantenimientohermanosramirez.com\/wp-content\/uploads\/2025\/08\/professional-craftsman-jumpsuit-checks-modern-entrance-door-outer-lock-twisting-lever-pressing-golden-knob-light-hallway-closeup-1024x576.jpg 1024w, https:\/\/mantenimientohermanosramirez.com\/wp-content\/uploads\/2025\/08\/professional-craftsman-jumpsuit-checks-modern-entrance-door-outer-lock-twisting-lever-pressing-golden-knob-light-hallway-closeup-768x432.jpg 768w, https:\/\/mantenimientohermanosramirez.com\/wp-content\/uploads\/2025\/08\/professional-craftsman-jumpsuit-checks-modern-entrance-door-outer-lock-twisting-lever-pressing-golden-knob-light-hallway-closeup-1536x864.jpg 1536w, https:\/\/mantenimientohermanosramirez.com\/wp-content\/uploads\/2025\/08\/professional-craftsman-jumpsuit-checks-modern-entrance-door-outer-lock-twisting-lever-pressing-golden-knob-light-hallway-closeup-2048x1152.jpg 2048w, https:\/\/mantenimientohermanosramirez.com\/wp-content\/uploads\/2025\/08\/professional-craftsman-jumpsuit-checks-modern-entrance-door-outer-lock-twisting-lever-pressing-golden-knob-light-hallway-closeup-18x10.jpg 18w\" sizes=\"(max-width: 2560px) 100vw, 2560px\" \/><\/figure><div class=\"elementor-image-box-content\"><h2 class=\"elementor-image-box-title\">Mantenimiento de puertas<\/h2><p class=\"elementor-image-box-description\">Revisi\u00f3n, reparaci\u00f3n y optimizaci\u00f3n de sistemas de apertura y cierre.<\/p><\/div><\/div>\t\t\t\t<\/div>\n\t\t\t\t\t<\/div>\n\t\t\t\t<\/div>\n\t\t<div class=\"elementor-element elementor-element-4e1128d e-con-full e-flex e-con e-parent\" data-id=\"4e1128d\" data-element_type=\"container\" data-e-type=\"container\">\n\t\t\t\t<div class=\"elementor-element elementor-element-6be89ef elementor-cta--skin-cover elementor-animated-content elementor-bg-transform elementor-bg-transform-zoom-in elementor-widget elementor-widget-call-to-action\" data-id=\"6be89ef\" data-element_type=\"widget\" data-e-type=\"widget\" data-widget_type=\"call-to-action.default\">\n\t\t\t\t\t\t\t<div class=\"elementor-cta\">\n\t\t\t\t\t<div class=\"elementor-cta__bg-wrapper\">\n\t\t\t\t<div class=\"elementor-cta__bg elementor-bg\" style=\"background-image: url(https:\/\/mantenimientohermanosramirez.com\/wp-content\/uploads\/2025\/08\/42291078_243173156545511_8838333982614487040_n.jpg);\" role=\"img\" aria-label=\"42291078_243173156545511_8838333982614487040_n\"><\/div>\n\t\t\t\t<div class=\"elementor-cta__bg-overlay\"><\/div>\n\t\t\t<\/div>\n\t\t\t\t\t\t\t<div class=\"elementor-cta__content\">\n\t\t\t\t\n\t\t\t\t\t\t\t\t\t<h2 class=\"elementor-cta__title elementor-cta__content-item elementor-content-item elementor-animated-item--grow\">\n\t\t\t\t\t\t\u00a1Nos caracterizamos por nuestro compromiso con la calidad, la seguridad y la satisfacci\u00f3n del cliente!\t\t\t\t\t<\/h2>\n\t\t\t\t\n\t\t\t\t\t\t\t\t\t<div class=\"elementor-cta__description elementor-cta__content-item elementor-content-item elementor-animated-item--grow\">\n\t\t\t\t\t\tInf\u00f3rmate sobre nuestros trabajos de carpinter\u00eda met\u00e1lica y mantenimiento de industria naval\t\t\t\t\t<\/div>\n\t\t\t\t\n\t\t\t\t\t\t\t\t\t<div class=\"elementor-cta__button-wrapper elementor-cta__content-item elementor-content-item elementor-animated-item--grow\">\n\t\t\t\t\t<a class=\"elementor-cta__button elementor-button elementor-size-\" href=\"https:\/\/mantenimientohermanosramirez.com\/en\/contacto\/\">\n\t\t\t\t\t\tCont\u00e1ctanos\t\t\t\t\t<\/a>\n\t\t\t\t\t<\/div>\n\t\t\t\t\t\t\t<\/div>\n\t\t\t\t\t\t<\/div>\n\t\t\t\t\t\t<\/div>\n\t\t\t\t<\/div>\n\t\t\t\t<\/div>","protected":false},"excerpt":{"rendered":"<p>Fabricaci\u00f3n de todo tipo de puertas Dise\u00f1adas a medida para garantizar resistencia, seguridad y est\u00e9tica. &#8211; Rejas y barandillas en hierro y acero inoxidable Mantenimiento de comunidades Servicios preventivos y correctivos para garantizar el correcto funcionamiento de instalaciones. Motorizaci\u00f3n de todo tipo de puertas Modernizamos y automatizamos puertas para mayor comodidad y eficiencia. Seccionales de [&hellip;]<\/p>\n","protected":false},"author":1,"featured_media":0,"parent":0,"menu_order":0,"comment_status":"closed","ping_status":"closed","template":"elementor_canvas","meta":{"footnotes":""},"class_list":["post-13","page","type-page","status-publish","hentry"],"yoast_head":"<!-- This site is optimized with the Yoast SEO plugin v27.4 - https:\/\/yoast.com\/product\/yoast-seo-wordpress\/ -->\n<title>Servicios - Mantenimiento Hermanos Ram\u00edrez<\/title>\n<meta name=\"robots\" content=\"index, follow, max-snippet:-1, max-image-preview:large, max-video-preview:-1\" \/>\n<link rel=\"canonical\" href=\"https:\/\/mantenimientohermanosramirez.com\/en\/servicios\/\" \/>\n<meta property=\"og:locale\" content=\"en_US\" \/>\n<meta property=\"og:type\" content=\"article\" \/>\n<meta property=\"og:title\" content=\"Servicios - Mantenimiento Hermanos Ram\u00edrez\" \/>\n<meta property=\"og:description\" content=\"Fabricaci\u00f3n de todo tipo de puertas Dise\u00f1adas a medida para garantizar resistencia, seguridad y est\u00e9tica. &#8211; Rejas y barandillas en hierro y acero inoxidable Mantenimiento de comunidades Servicios preventivos y correctivos para garantizar el correcto funcionamiento de instalaciones. Motorizaci\u00f3n de todo tipo de puertas Modernizamos y automatizamos puertas para mayor comodidad y eficiencia. Seccionales de [&hellip;]\" \/>\n<meta property=\"og:url\" content=\"https:\/\/mantenimientohermanosramirez.com\/en\/servicios\/\" \/>\n<meta property=\"og:site_name\" content=\"Mantenimiento Hermanos Ram\u00edrez\" \/>\n<meta property=\"article:modified_time\" content=\"2025-11-04T14:57:02+00:00\" \/>\n<meta property=\"og:image\" content=\"https:\/\/mantenimientohermanosramirez.com\/wp-content\/uploads\/2025\/08\/metal-stairs-white-building-wall-scaled.jpg\" \/>\n\t<meta property=\"og:image:width\" content=\"2560\" \/>\n\t<meta property=\"og:image:height\" content=\"1696\" \/>\n\t<meta property=\"og:image:type\" content=\"image\/jpeg\" \/>\n<meta name=\"twitter:card\" content=\"summary_large_image\" \/>\n<meta name=\"twitter:label1\" content=\"Est. reading time\" \/>\n\t<meta name=\"twitter:data1\" content=\"2 minutes\" \/>\n<script type=\"application\/ld+json\" class=\"yoast-schema-graph\">{\"@context\":\"https:\\\/\\\/schema.org\",\"@graph\":[{\"@type\":\"WebPage\",\"@id\":\"https:\\\/\\\/mantenimientohermanosramirez.com\\\/servicios\\\/\",\"url\":\"https:\\\/\\\/mantenimientohermanosramirez.com\\\/servicios\\\/\",\"name\":\"Servicios - Mantenimiento Hermanos Ram\u00edrez\",\"isPartOf\":{\"@id\":\"https:\\\/\\\/mantenimientohermanosramirez.com\\\/#website\"},\"primaryImageOfPage\":{\"@id\":\"https:\\\/\\\/mantenimientohermanosramirez.com\\\/servicios\\\/#primaryimage\"},\"image\":{\"@id\":\"https:\\\/\\\/mantenimientohermanosramirez.com\\\/servicios\\\/#primaryimage\"},\"thumbnailUrl\":\"https:\\\/\\\/mantenimientohermanosramirez.com\\\/wp-content\\\/uploads\\\/2025\\\/08\\\/metal-stairs-white-building-wall-scaled.jpg\",\"datePublished\":\"2025-08-27T11:37:39+00:00\",\"dateModified\":\"2025-11-04T14:57:02+00:00\",\"breadcrumb\":{\"@id\":\"https:\\\/\\\/mantenimientohermanosramirez.com\\\/servicios\\\/#breadcrumb\"},\"inLanguage\":\"en-US\",\"potentialAction\":[{\"@type\":\"ReadAction\",\"target\":[\"https:\\\/\\\/mantenimientohermanosramirez.com\\\/servicios\\\/\"]}]},{\"@type\":\"ImageObject\",\"inLanguage\":\"en-US\",\"@id\":\"https:\\\/\\\/mantenimientohermanosramirez.com\\\/servicios\\\/#primaryimage\",\"url\":\"https:\\\/\\\/mantenimientohermanosramirez.com\\\/wp-content\\\/uploads\\\/2025\\\/08\\\/metal-stairs-white-building-wall-scaled.jpg\",\"contentUrl\":\"https:\\\/\\\/mantenimientohermanosramirez.com\\\/wp-content\\\/uploads\\\/2025\\\/08\\\/metal-stairs-white-building-wall-scaled.jpg\"},{\"@type\":\"BreadcrumbList\",\"@id\":\"https:\\\/\\\/mantenimientohermanosramirez.com\\\/servicios\\\/#breadcrumb\",\"itemListElement\":[{\"@type\":\"ListItem\",\"position\":1,\"name\":\"Portada\",\"item\":\"https:\\\/\\\/mantenimientohermanosramirez.com\\\/\"},{\"@type\":\"ListItem\",\"position\":2,\"name\":\"Servicios\"}]},{\"@type\":\"WebSite\",\"@id\":\"https:\\\/\\\/mantenimientohermanosramirez.com\\\/#website\",\"url\":\"https:\\\/\\\/mantenimientohermanosramirez.com\\\/\",\"name\":\"Mantenimiento Hermanos Ram\u00edrez\",\"description\":\"Fabricamos todo tipo de puertas, rejas y barandillas en hierro y acero inoxidable, adem\u00e1s, motorizamos todo tipo de puertas y llevamos el mantenimiento de comunidades...\",\"publisher\":{\"@id\":\"https:\\\/\\\/mantenimientohermanosramirez.com\\\/#organization\"},\"potentialAction\":[{\"@type\":\"SearchAction\",\"target\":{\"@type\":\"EntryPoint\",\"urlTemplate\":\"https:\\\/\\\/mantenimientohermanosramirez.com\\\/?s={search_term_string}\"},\"query-input\":{\"@type\":\"PropertyValueSpecification\",\"valueRequired\":true,\"valueName\":\"search_term_string\"}}],\"inLanguage\":\"en-US\"},{\"@type\":\"Organization\",\"@id\":\"https:\\\/\\\/mantenimientohermanosramirez.com\\\/#organization\",\"name\":\"Mantenimiento Hermanos Ram\u00edrez\",\"url\":\"https:\\\/\\\/mantenimientohermanosramirez.com\\\/\",\"logo\":{\"@type\":\"ImageObject\",\"inLanguage\":\"en-US\",\"@id\":\"https:\\\/\\\/mantenimientohermanosramirez.com\\\/#\\\/schema\\\/logo\\\/image\\\/\",\"url\":\"https:\\\/\\\/mantenimientohermanosramirez.com\\\/wp-content\\\/uploads\\\/2025\\\/08\\\/cropped-mantenimientoramirez202506_logoarriba-01.png\",\"contentUrl\":\"https:\\\/\\\/mantenimientohermanosramirez.com\\\/wp-content\\\/uploads\\\/2025\\\/08\\\/cropped-mantenimientoramirez202506_logoarriba-01.png\",\"width\":1920,\"height\":648,\"caption\":\"Mantenimiento Hermanos Ram\u00edrez\"},\"image\":{\"@id\":\"https:\\\/\\\/mantenimientohermanosramirez.com\\\/#\\\/schema\\\/logo\\\/image\\\/\"}}]}<\/script>\n<!-- \/ Yoast SEO plugin. -->","yoast_head_json":{"title":"Servicios - Mantenimiento Hermanos Ram\u00edrez","robots":{"index":"index","follow":"follow","max-snippet":"max-snippet:-1","max-image-preview":"max-image-preview:large","max-video-preview":"max-video-preview:-1"},"canonical":"https:\/\/mantenimientohermanosramirez.com\/en\/servicios\/","og_locale":"en_US","og_type":"article","og_title":"Servicios - Mantenimiento Hermanos Ram\u00edrez","og_description":"Fabricaci\u00f3n de todo tipo de puertas Dise\u00f1adas a medida para garantizar resistencia, seguridad y est\u00e9tica. &#8211; Rejas y barandillas en hierro y acero inoxidable Mantenimiento de comunidades Servicios preventivos y correctivos para garantizar el correcto funcionamiento de instalaciones. Motorizaci\u00f3n de todo tipo de puertas Modernizamos y automatizamos puertas para mayor comodidad y eficiencia. Seccionales de [&hellip;]","og_url":"https:\/\/mantenimientohermanosramirez.com\/en\/servicios\/","og_site_name":"Mantenimiento Hermanos Ram\u00edrez","article_modified_time":"2025-11-04T14:57:02+00:00","og_image":[{"width":2560,"height":1696,"url":"https:\/\/mantenimientohermanosramirez.com\/wp-content\/uploads\/2025\/08\/metal-stairs-white-building-wall-scaled.jpg","type":"image\/jpeg"}],"twitter_card":"summary_large_image","twitter_misc":{"Est. reading time":"2 minutes"},"schema":{"@context":"https:\/\/schema.org","@graph":[{"@type":"WebPage","@id":"https:\/\/mantenimientohermanosramirez.com\/servicios\/","url":"https:\/\/mantenimientohermanosramirez.com\/servicios\/","name":"Servicios - Mantenimiento Hermanos Ram\u00edrez","isPartOf":{"@id":"https:\/\/mantenimientohermanosramirez.com\/#website"},"primaryImageOfPage":{"@id":"https:\/\/mantenimientohermanosramirez.com\/servicios\/#primaryimage"},"image":{"@id":"https:\/\/mantenimientohermanosramirez.com\/servicios\/#primaryimage"},"thumbnailUrl":"https:\/\/mantenimientohermanosramirez.com\/wp-content\/uploads\/2025\/08\/metal-stairs-white-building-wall-scaled.jpg","datePublished":"2025-08-27T11:37:39+00:00","dateModified":"2025-11-04T14:57:02+00:00","breadcrumb":{"@id":"https:\/\/mantenimientohermanosramirez.com\/servicios\/#breadcrumb"},"inLanguage":"en-US","potentialAction":[{"@type":"ReadAction","target":["https:\/\/mantenimientohermanosramirez.com\/servicios\/"]}]},{"@type":"ImageObject","inLanguage":"en-US","@id":"https:\/\/mantenimientohermanosramirez.com\/servicios\/#primaryimage","url":"https:\/\/mantenimientohermanosramirez.com\/wp-content\/uploads\/2025\/08\/metal-stairs-white-building-wall-scaled.jpg","contentUrl":"https:\/\/mantenimientohermanosramirez.com\/wp-content\/uploads\/2025\/08\/metal-stairs-white-building-wall-scaled.jpg"},{"@type":"BreadcrumbList","@id":"https:\/\/mantenimientohermanosramirez.com\/servicios\/#breadcrumb","itemListElement":[{"@type":"ListItem","position":1,"name":"Portada","item":"https:\/\/mantenimientohermanosramirez.com\/"},{"@type":"ListItem","position":2,"name":"Servicios"}]},{"@type":"WebSite","@id":"https:\/\/mantenimientohermanosramirez.com\/#website","url":"https:\/\/mantenimientohermanosramirez.com\/","name":"Ram\u00edrez Brothers Maintenance","description":"Fabricamos todo tipo de puertas, rejas y barandillas en hierro y acero inoxidable, adem\u00e1s, motorizamos todo tipo de puertas y llevamos el mantenimiento de comunidades...","publisher":{"@id":"https:\/\/mantenimientohermanosramirez.com\/#organization"},"potentialAction":[{"@type":"SearchAction","target":{"@type":"EntryPoint","urlTemplate":"https:\/\/mantenimientohermanosramirez.com\/?s={search_term_string}"},"query-input":{"@type":"PropertyValueSpecification","valueRequired":true,"valueName":"search_term_string"}}],"inLanguage":"en-US"},{"@type":"Organization","@id":"https:\/\/mantenimientohermanosramirez.com\/#organization","name":"Ram\u00edrez Brothers Maintenance","url":"https:\/\/mantenimientohermanosramirez.com\/","logo":{"@type":"ImageObject","inLanguage":"en-US","@id":"https:\/\/mantenimientohermanosramirez.com\/#\/schema\/logo\/image\/","url":"https:\/\/mantenimientohermanosramirez.com\/wp-content\/uploads\/2025\/08\/cropped-mantenimientoramirez202506_logoarriba-01.png","contentUrl":"https:\/\/mantenimientohermanosramirez.com\/wp-content\/uploads\/2025\/08\/cropped-mantenimientoramirez202506_logoarriba-01.png","width":1920,"height":648,"caption":"Mantenimiento Hermanos Ram\u00edrez"},"image":{"@id":"https:\/\/mantenimientohermanosramirez.com\/#\/schema\/logo\/image\/"}}]}},"_links":{"self":[{"href":"https:\/\/mantenimientohermanosramirez.com\/en\/wp-json\/wp\/v2\/pages\/13","targetHints":{"allow":["GET"]}}],"collection":[{"href":"https:\/\/mantenimientohermanosramirez.com\/en\/wp-json\/wp\/v2\/pages"}],"about":[{"href":"https:\/\/mantenimientohermanosramirez.com\/en\/wp-json\/wp\/v2\/types\/page"}],"author":[{"embeddable":true,"href":"https:\/\/mantenimientohermanosramirez.com\/en\/wp-json\/wp\/v2\/users\/1"}],"replies":[{"embeddable":true,"href":"https:\/\/mantenimientohermanosramirez.com\/en\/wp-json\/wp\/v2\/comments?post=13"}],"version-history":[{"count":136,"href":"https:\/\/mantenimientohermanosramirez.com\/en\/wp-json\/wp\/v2\/pages\/13\/revisions"}],"predecessor-version":[{"id":553,"href":"https:\/\/mantenimientohermanosramirez.com\/en\/wp-json\/wp\/v2\/pages\/13\/revisions\/553"}],"wp:attachment":[{"href":"https:\/\/mantenimientohermanosramirez.com\/en\/wp-json\/wp\/v2\/media?parent=13"}],"curies":[{"name":"wp","href":"https:\/\/api.w.org\/{rel}","templated":true}]}}