{"id":2,"date":"2025-08-27T11:21:56","date_gmt":"2025-08-27T11:21:56","guid":{"rendered":"https:\/\/mantenimientohermanosramirez.rkinformatika.online\/?page_id=2"},"modified":"2025-11-04T14:54:27","modified_gmt":"2025-11-04T14:54:27","slug":"inicio","status":"publish","type":"page","link":"https:\/\/mantenimientohermanosramirez.com\/en\/","title":{"rendered":"Home"},"content":{"rendered":"<div data-elementor-type=\"wp-page\" data-elementor-id=\"2\" class=\"elementor elementor-2\" data-elementor-post-type=\"page\">\n\t\t\t\t<div class=\"elementor-element elementor-element-892c283 e-con-full e-flex e-con e-parent\" data-id=\"892c283\" data-element_type=\"container\" data-e-type=\"container\" data-settings=\"{&quot;background_background&quot;:&quot;classic&quot;}\">\n\t\t\t\t<div class=\"elementor-element elementor-element-49c1670 elementor-widget elementor-widget-heading\" data-id=\"49c1670\" data-element_type=\"widget\" data-e-type=\"widget\" data-widget_type=\"heading.default\">\n\t\t\t\t\t<h1 class=\"elementor-heading-title elementor-size-default\">Ram\u00edrez Brothers Maintenance<\/h1>\t\t\t\t<\/div>\n\t\t\t\t<div class=\"elementor-element elementor-element-4e070d1 elementor-widget-mobile__width-initial elementor-widget elementor-widget-heading\" data-id=\"4e070d1\" data-element_type=\"widget\" data-e-type=\"widget\" data-widget_type=\"heading.default\">\n\t\t\t\t\t<h2 class=\"elementor-heading-title elementor-size-default\">Metal Carpentry<\/h2>\t\t\t\t<\/div>\n\t\t\t\t<div class=\"elementor-element elementor-element-3c21c67 elementor-widget elementor-widget-heading\" data-id=\"3c21c67\" data-element_type=\"widget\" data-e-type=\"widget\" data-widget_type=\"heading.default\">\n\t\t\t\t\t<h2 class=\"elementor-heading-title elementor-size-default\">Naval Industry Maintenance<\/h2>\t\t\t\t<\/div>\n\t\t\t\t<\/div>\n\t\t<div class=\"elementor-element elementor-element-5d1156d e-flex e-con-boxed e-con e-parent\" data-id=\"5d1156d\" data-element_type=\"container\" data-e-type=\"container\">\n\t\t\t\t\t<div class=\"e-con-inner\">\n\t\t<div class=\"elementor-element elementor-element-2706dae e-con-full e-flex e-con e-child\" data-id=\"2706dae\" data-element_type=\"container\" data-e-type=\"container\" data-settings=\"{&quot;background_background&quot;:&quot;classic&quot;}\">\n\t\t\t\t<div class=\"elementor-element elementor-element-ae2b6f9 elementor-widget elementor-widget-image\" data-id=\"ae2b6f9\" data-element_type=\"widget\" data-e-type=\"widget\" data-widget_type=\"image.default\">\n\t\t\t\t\t\t\t\t\t\t\t\t\t\t\t<img fetchpriority=\"high\" decoding=\"async\" width=\"1138\" height=\"1090\" src=\"https:\/\/mantenimientohermanosramirez.com\/wp-content\/uploads\/2025\/08\/46400402_271975400331953_6996304422976356352_n-e1756304881991.jpg\" class=\"attachment-full size-full wp-image-325\" alt=\"\" srcset=\"https:\/\/mantenimientohermanosramirez.com\/wp-content\/uploads\/2025\/08\/46400402_271975400331953_6996304422976356352_n-e1756304881991.jpg 1138w, https:\/\/mantenimientohermanosramirez.com\/wp-content\/uploads\/2025\/08\/46400402_271975400331953_6996304422976356352_n-e1756304881991-300x287.jpg 300w, https:\/\/mantenimientohermanosramirez.com\/wp-content\/uploads\/2025\/08\/46400402_271975400331953_6996304422976356352_n-e1756304881991-1024x981.jpg 1024w, https:\/\/mantenimientohermanosramirez.com\/wp-content\/uploads\/2025\/08\/46400402_271975400331953_6996304422976356352_n-e1756304881991-768x736.jpg 768w, https:\/\/mantenimientohermanosramirez.com\/wp-content\/uploads\/2025\/08\/46400402_271975400331953_6996304422976356352_n-e1756304881991-13x12.jpg 13w\" sizes=\"(max-width: 1138px) 100vw, 1138px\" \/>\t\t\t\t\t\t\t\t\t\t\t\t\t\t\t<\/div>\n\t\t\t\t<\/div>\n\t\t<div class=\"elementor-element elementor-element-cdebcb6 e-con-full e-flex e-con e-child\" data-id=\"cdebcb6\" data-element_type=\"container\" data-e-type=\"container\">\n\t\t\t\t<div class=\"elementor-element elementor-element-fbd3282 elementor-widget__width-initial elementor-widget elementor-widget-heading\" data-id=\"fbd3282\" data-element_type=\"widget\" data-e-type=\"widget\" data-widget_type=\"heading.default\">\n\t\t\t\t\t<h2 class=\"elementor-heading-title elementor-size-default\">About Us<\/h2>\t\t\t\t<\/div>\n\t\t\t\t<div class=\"elementor-element elementor-element-3fecf01 elementor-widget elementor-widget-text-editor\" data-id=\"3fecf01\" data-element_type=\"widget\" data-e-type=\"widget\" data-widget_type=\"text-editor.default\">\n\t\t\t\t\t\t\t\t\t<p>Family-run business with extensive experience, dedicated to metal carpentry and naval industry maintenance. With over 10 years in the business world, we\u2019ve built solid expertise and in-depth knowledge in these sectors. We are committed to excellence in metal carpentry as well as industrial and naval maintenance, specializing in the execution of custom, innovative projects tailored to the specific needs of our clients. Our mission is to provide comprehensive solutions that not only meet but exceed the expectations of those who place their trust in us.<\/p>\t\t\t\t\t\t\t\t<\/div>\n\t\t\t\t<\/div>\n\t\t\t\t\t<\/div>\n\t\t\t\t<\/div>\n\t\t<div class=\"elementor-element elementor-element-6067065 e-con-full e-flex e-con e-parent\" data-id=\"6067065\" data-element_type=\"container\" data-e-type=\"container\" data-settings=\"{&quot;background_background&quot;:&quot;classic&quot;}\">\n\t\t\t\t<div class=\"elementor-element elementor-element-430d9c9 elementor-cta--skin-cover elementor-animated-content elementor-bg-transform elementor-bg-transform-zoom-in elementor-widget elementor-widget-call-to-action\" data-id=\"430d9c9\" data-element_type=\"widget\" data-e-type=\"widget\" data-widget_type=\"call-to-action.default\">\n\t\t\t\t\t\t\t<div class=\"elementor-cta\">\n\t\t\t\t\t<div class=\"elementor-cta__bg-wrapper\">\n\t\t\t\t<div class=\"elementor-cta__bg elementor-bg\" style=\"background-image: url(https:\/\/mantenimientohermanosramirez.com\/wp-content\/uploads\/2025\/08\/42291078_243173156545511_8838333982614487040_n.jpg);\" role=\"img\" aria-label=\"42291078_243173156545511_8838333982614487040_n\"><\/div>\n\t\t\t\t<div class=\"elementor-cta__bg-overlay\"><\/div>\n\t\t\t<\/div>\n\t\t\t\t\t\t\t<div class=\"elementor-cta__content\">\n\t\t\t\t\n\t\t\t\t\t\t\t\t\t<h2 class=\"elementor-cta__title elementor-cta__content-item elementor-content-item elementor-animated-item--grow\">\n\t\t\t\t\t\tEvery project is unique!\t\t\t\t\t<\/h2>\n\t\t\t\t\n\t\t\t\t\t\t\t\t\t<div class=\"elementor-cta__description elementor-cta__content-item elementor-content-item elementor-animated-item--grow\">\n\t\t\t\t\t\tWe offer a wide range of specialized services.\t\t\t\t\t<\/div>\n\t\t\t\t\n\t\t\t\t\t\t\t\t\t<div class=\"elementor-cta__button-wrapper elementor-cta__content-item elementor-content-item elementor-animated-item--grow\">\n\t\t\t\t\t<a class=\"elementor-cta__button elementor-button elementor-size-\" href=\"https:\/\/mantenimientohermanosramirez.com\/en\/servicios\/\">\n\t\t\t\t\t\tView Services\t\t\t\t\t<\/a>\n\t\t\t\t\t<\/div>\n\t\t\t\t\t\t\t<\/div>\n\t\t\t\t\t\t<\/div>\n\t\t\t\t\t\t<\/div>\n\t\t\t\t<\/div>\n\t\t\t\t<\/div>","protected":false},"excerpt":{"rendered":"<p>Mantenimiento Hermanos Ram\u00edrez carpinter\u00eda met\u00e1lica Mantenimiento de industria naval Sobre Nosotros Empresa familiar con una amplia trayectoria que se dedica a la carpinter\u00eda met\u00e1lica y al mantenimiento de la industria naval. Contamos con m\u00e1s de 10 a\u00f1os de recorrido en el mundo empresarial, lo que nos ha permitido adquirir una s\u00f3lida experiencia y un profundo [&hellip;]<\/p>\n","protected":false},"author":1,"featured_media":0,"parent":0,"menu_order":0,"comment_status":"closed","ping_status":"closed","template":"elementor_canvas","meta":{"footnotes":""},"class_list":["post-2","page","type-page","status-publish","hentry"],"yoast_head":"<!-- This site is optimized with the Yoast SEO plugin v27.4 - https:\/\/yoast.com\/product\/yoast-seo-wordpress\/ -->\n<title>Inicio - Mantenimiento Hermanos Ram\u00edrez<\/title>\n<meta name=\"robots\" content=\"index, follow, max-snippet:-1, max-image-preview:large, max-video-preview:-1\" \/>\n<link rel=\"canonical\" href=\"https:\/\/mantenimientohermanosramirez.com\/en\/\" \/>\n<meta property=\"og:locale\" content=\"en_US\" \/>\n<meta property=\"og:type\" content=\"article\" \/>\n<meta property=\"og:title\" content=\"Inicio - Mantenimiento Hermanos Ram\u00edrez\" \/>\n<meta property=\"og:description\" content=\"Mantenimiento Hermanos Ram\u00edrez carpinter\u00eda met\u00e1lica Mantenimiento de industria naval Sobre Nosotros Empresa familiar con una amplia trayectoria que se dedica a la carpinter\u00eda met\u00e1lica y al mantenimiento de la industria naval. Contamos con m\u00e1s de 10 a\u00f1os de recorrido en el mundo empresarial, lo que nos ha permitido adquirir una s\u00f3lida experiencia y un profundo [&hellip;]\" \/>\n<meta property=\"og:url\" content=\"https:\/\/mantenimientohermanosramirez.com\/en\/\" \/>\n<meta property=\"og:site_name\" content=\"Mantenimiento Hermanos Ram\u00edrez\" \/>\n<meta property=\"article:modified_time\" content=\"2025-11-04T14:54:27+00:00\" \/>\n<meta property=\"og:image\" content=\"https:\/\/mantenimientohermanosramirez.com\/wp-content\/uploads\/2025\/08\/46400402_271975400331953_6996304422976356352_n-e1756304881991.jpg\" \/>\n\t<meta property=\"og:image:width\" content=\"1138\" \/>\n\t<meta property=\"og:image:height\" content=\"1090\" \/>\n\t<meta property=\"og:image:type\" content=\"image\/jpeg\" \/>\n<meta name=\"twitter:card\" content=\"summary_large_image\" \/>\n<meta name=\"twitter:label1\" content=\"Est. reading time\" \/>\n\t<meta name=\"twitter:data1\" content=\"1 minute\" \/>\n<script type=\"application\/ld+json\" class=\"yoast-schema-graph\">{\"@context\":\"https:\\\/\\\/schema.org\",\"@graph\":[{\"@type\":\"WebPage\",\"@id\":\"https:\\\/\\\/mantenimientohermanosramirez.com\\\/\",\"url\":\"https:\\\/\\\/mantenimientohermanosramirez.com\\\/\",\"name\":\"Inicio - Mantenimiento Hermanos Ram\u00edrez\",\"isPartOf\":{\"@id\":\"https:\\\/\\\/mantenimientohermanosramirez.com\\\/#website\"},\"primaryImageOfPage\":{\"@id\":\"https:\\\/\\\/mantenimientohermanosramirez.com\\\/#primaryimage\"},\"image\":{\"@id\":\"https:\\\/\\\/mantenimientohermanosramirez.com\\\/#primaryimage\"},\"thumbnailUrl\":\"https:\\\/\\\/mantenimientohermanosramirez.com\\\/wp-content\\\/uploads\\\/2025\\\/08\\\/46400402_271975400331953_6996304422976356352_n-e1756304881991.jpg\",\"datePublished\":\"2025-08-27T11:21:56+00:00\",\"dateModified\":\"2025-11-04T14:54:27+00:00\",\"breadcrumb\":{\"@id\":\"https:\\\/\\\/mantenimientohermanosramirez.com\\\/#breadcrumb\"},\"inLanguage\":\"en-US\",\"potentialAction\":[{\"@type\":\"ReadAction\",\"target\":[\"https:\\\/\\\/mantenimientohermanosramirez.com\\\/\"]}]},{\"@type\":\"ImageObject\",\"inLanguage\":\"en-US\",\"@id\":\"https:\\\/\\\/mantenimientohermanosramirez.com\\\/#primaryimage\",\"url\":\"https:\\\/\\\/mantenimientohermanosramirez.com\\\/wp-content\\\/uploads\\\/2025\\\/08\\\/46400402_271975400331953_6996304422976356352_n-e1756304881991.jpg\",\"contentUrl\":\"https:\\\/\\\/mantenimientohermanosramirez.com\\\/wp-content\\\/uploads\\\/2025\\\/08\\\/46400402_271975400331953_6996304422976356352_n-e1756304881991.jpg\"},{\"@type\":\"BreadcrumbList\",\"@id\":\"https:\\\/\\\/mantenimientohermanosramirez.com\\\/#breadcrumb\",\"itemListElement\":[{\"@type\":\"ListItem\",\"position\":1,\"name\":\"Portada\",\"item\":\"https:\\\/\\\/mantenimientohermanosramirez.com\\\/\"},{\"@type\":\"ListItem\",\"position\":2,\"name\":\"Inicio\"}]},{\"@type\":\"WebSite\",\"@id\":\"https:\\\/\\\/mantenimientohermanosramirez.com\\\/#website\",\"url\":\"https:\\\/\\\/mantenimientohermanosramirez.com\\\/\",\"name\":\"Mantenimiento Hermanos Ram\u00edrez\",\"description\":\"Fabricamos todo tipo de puertas, rejas y barandillas en hierro y acero inoxidable, adem\u00e1s, motorizamos todo tipo de puertas y llevamos el mantenimiento de comunidades...\",\"publisher\":{\"@id\":\"https:\\\/\\\/mantenimientohermanosramirez.com\\\/#organization\"},\"potentialAction\":[{\"@type\":\"SearchAction\",\"target\":{\"@type\":\"EntryPoint\",\"urlTemplate\":\"https:\\\/\\\/mantenimientohermanosramirez.com\\\/?s={search_term_string}\"},\"query-input\":{\"@type\":\"PropertyValueSpecification\",\"valueRequired\":true,\"valueName\":\"search_term_string\"}}],\"inLanguage\":\"en-US\"},{\"@type\":\"Organization\",\"@id\":\"https:\\\/\\\/mantenimientohermanosramirez.com\\\/#organization\",\"name\":\"Mantenimiento Hermanos Ram\u00edrez\",\"url\":\"https:\\\/\\\/mantenimientohermanosramirez.com\\\/\",\"logo\":{\"@type\":\"ImageObject\",\"inLanguage\":\"en-US\",\"@id\":\"https:\\\/\\\/mantenimientohermanosramirez.com\\\/#\\\/schema\\\/logo\\\/image\\\/\",\"url\":\"https:\\\/\\\/mantenimientohermanosramirez.com\\\/wp-content\\\/uploads\\\/2025\\\/08\\\/cropped-mantenimientoramirez202506_logoarriba-01.png\",\"contentUrl\":\"https:\\\/\\\/mantenimientohermanosramirez.com\\\/wp-content\\\/uploads\\\/2025\\\/08\\\/cropped-mantenimientoramirez202506_logoarriba-01.png\",\"width\":1920,\"height\":648,\"caption\":\"Mantenimiento Hermanos Ram\u00edrez\"},\"image\":{\"@id\":\"https:\\\/\\\/mantenimientohermanosramirez.com\\\/#\\\/schema\\\/logo\\\/image\\\/\"}}]}<\/script>\n<!-- \/ Yoast SEO plugin. -->","yoast_head_json":{"title":"Inicio - Mantenimiento Hermanos Ram\u00edrez","robots":{"index":"index","follow":"follow","max-snippet":"max-snippet:-1","max-image-preview":"max-image-preview:large","max-video-preview":"max-video-preview:-1"},"canonical":"https:\/\/mantenimientohermanosramirez.com\/en\/","og_locale":"en_US","og_type":"article","og_title":"Inicio - Mantenimiento Hermanos Ram\u00edrez","og_description":"Mantenimiento Hermanos Ram\u00edrez carpinter\u00eda met\u00e1lica Mantenimiento de industria naval Sobre Nosotros Empresa familiar con una amplia trayectoria que se dedica a la carpinter\u00eda met\u00e1lica y al mantenimiento de la industria naval. Contamos con m\u00e1s de 10 a\u00f1os de recorrido en el mundo empresarial, lo que nos ha permitido adquirir una s\u00f3lida experiencia y un profundo [&hellip;]","og_url":"https:\/\/mantenimientohermanosramirez.com\/en\/","og_site_name":"Mantenimiento Hermanos Ram\u00edrez","article_modified_time":"2025-11-04T14:54:27+00:00","og_image":[{"width":1138,"height":1090,"url":"https:\/\/mantenimientohermanosramirez.com\/wp-content\/uploads\/2025\/08\/46400402_271975400331953_6996304422976356352_n-e1756304881991.jpg","type":"image\/jpeg"}],"twitter_card":"summary_large_image","twitter_misc":{"Est. reading time":"1 minute"},"schema":{"@context":"https:\/\/schema.org","@graph":[{"@type":"WebPage","@id":"https:\/\/mantenimientohermanosramirez.com\/","url":"https:\/\/mantenimientohermanosramirez.com\/","name":"Inicio - Mantenimiento Hermanos Ram\u00edrez","isPartOf":{"@id":"https:\/\/mantenimientohermanosramirez.com\/#website"},"primaryImageOfPage":{"@id":"https:\/\/mantenimientohermanosramirez.com\/#primaryimage"},"image":{"@id":"https:\/\/mantenimientohermanosramirez.com\/#primaryimage"},"thumbnailUrl":"https:\/\/mantenimientohermanosramirez.com\/wp-content\/uploads\/2025\/08\/46400402_271975400331953_6996304422976356352_n-e1756304881991.jpg","datePublished":"2025-08-27T11:21:56+00:00","dateModified":"2025-11-04T14:54:27+00:00","breadcrumb":{"@id":"https:\/\/mantenimientohermanosramirez.com\/#breadcrumb"},"inLanguage":"en-US","potentialAction":[{"@type":"ReadAction","target":["https:\/\/mantenimientohermanosramirez.com\/"]}]},{"@type":"ImageObject","inLanguage":"en-US","@id":"https:\/\/mantenimientohermanosramirez.com\/#primaryimage","url":"https:\/\/mantenimientohermanosramirez.com\/wp-content\/uploads\/2025\/08\/46400402_271975400331953_6996304422976356352_n-e1756304881991.jpg","contentUrl":"https:\/\/mantenimientohermanosramirez.com\/wp-content\/uploads\/2025\/08\/46400402_271975400331953_6996304422976356352_n-e1756304881991.jpg"},{"@type":"BreadcrumbList","@id":"https:\/\/mantenimientohermanosramirez.com\/#breadcrumb","itemListElement":[{"@type":"ListItem","position":1,"name":"Portada","item":"https:\/\/mantenimientohermanosramirez.com\/"},{"@type":"ListItem","position":2,"name":"Inicio"}]},{"@type":"WebSite","@id":"https:\/\/mantenimientohermanosramirez.com\/#website","url":"https:\/\/mantenimientohermanosramirez.com\/","name":"Ram\u00edrez Brothers Maintenance","description":"Fabricamos todo tipo de puertas, rejas y barandillas en hierro y acero inoxidable, adem\u00e1s, motorizamos todo tipo de puertas y llevamos el mantenimiento de comunidades...","publisher":{"@id":"https:\/\/mantenimientohermanosramirez.com\/#organization"},"potentialAction":[{"@type":"SearchAction","target":{"@type":"EntryPoint","urlTemplate":"https:\/\/mantenimientohermanosramirez.com\/?s={search_term_string}"},"query-input":{"@type":"PropertyValueSpecification","valueRequired":true,"valueName":"search_term_string"}}],"inLanguage":"en-US"},{"@type":"Organization","@id":"https:\/\/mantenimientohermanosramirez.com\/#organization","name":"Ram\u00edrez Brothers Maintenance","url":"https:\/\/mantenimientohermanosramirez.com\/","logo":{"@type":"ImageObject","inLanguage":"en-US","@id":"https:\/\/mantenimientohermanosramirez.com\/#\/schema\/logo\/image\/","url":"https:\/\/mantenimientohermanosramirez.com\/wp-content\/uploads\/2025\/08\/cropped-mantenimientoramirez202506_logoarriba-01.png","contentUrl":"https:\/\/mantenimientohermanosramirez.com\/wp-content\/uploads\/2025\/08\/cropped-mantenimientoramirez202506_logoarriba-01.png","width":1920,"height":648,"caption":"Mantenimiento Hermanos Ram\u00edrez"},"image":{"@id":"https:\/\/mantenimientohermanosramirez.com\/#\/schema\/logo\/image\/"}}]}},"_links":{"self":[{"href":"https:\/\/mantenimientohermanosramirez.com\/en\/wp-json\/wp\/v2\/pages\/2","targetHints":{"allow":["GET"]}}],"collection":[{"href":"https:\/\/mantenimientohermanosramirez.com\/en\/wp-json\/wp\/v2\/pages"}],"about":[{"href":"https:\/\/mantenimientohermanosramirez.com\/en\/wp-json\/wp\/v2\/types\/page"}],"author":[{"embeddable":true,"href":"https:\/\/mantenimientohermanosramirez.com\/en\/wp-json\/wp\/v2\/users\/1"}],"replies":[{"embeddable":true,"href":"https:\/\/mantenimientohermanosramirez.com\/en\/wp-json\/wp\/v2\/comments?post=2"}],"version-history":[{"count":127,"href":"https:\/\/mantenimientohermanosramirez.com\/en\/wp-json\/wp\/v2\/pages\/2\/revisions"}],"predecessor-version":[{"id":544,"href":"https:\/\/mantenimientohermanosramirez.com\/en\/wp-json\/wp\/v2\/pages\/2\/revisions\/544"}],"wp:attachment":[{"href":"https:\/\/mantenimientohermanosramirez.com\/en\/wp-json\/wp\/v2\/media?parent=2"}],"curies":[{"name":"wp","href":"https:\/\/api.w.org\/{rel}","templated":true}]}}